{"id":97,"date":"2021-01-29T10:57:28","date_gmt":"2021-01-29T10:57:28","guid":{"rendered":"http:\/\/boglar.creative-solutions.ro\/?page_id=97"},"modified":"2022-11-01T10:21:20","modified_gmt":"2022-11-01T08:21:20","slug":"rolunk","status":"publish","type":"page","link":"https:\/\/www.boglarchamp.ro\/hu\/rolunk\/","title":{"rendered":"R\u00f3lunk"},"content":{"rendered":"<div class=\"wpb-content-wrapper\"><p>[vc_row][vc_column width=&#8221;1\/4&#8243;][\/vc_column][vc_column width=&#8221;1\/2&#8243;][vc_column_text]<\/p>\n<p style=\"text-align: center;\">A BOGLAR CHAMP KFT. 2002-ben alakult, teljes eg\u00e9sz\u00e9ben mag\u00e1nt\u0151k\u00e9b\u0151l, ma m\u00e1r Rom\u00e1nia legnagyobb gombatermeszt\u0151 v\u00e1llalkoz\u00e1sa. Alap\u00edt\u00f3i, a N\u00e9meti h\u00e1zasp\u00e1r nemcsak rengeteg munk\u00e1t, tapasztalatot \u00e9s p\u00e9nzt fektetett be a c\u00e9g fejleszt\u00e9s\u00e9be, hanem meghonos\u00edtotta Rom\u00e1ni\u00e1ban is az akkoriban legfejlettebbnek sz\u00e1m\u00edt\u00f3 technol\u00f3gi\u00e1kat ebben az \u00e1gazatban, m\u00e1r a 2000-es \u00e9vek elej\u00e9n felismerve a gombatermeszt\u00e9sben rejl\u0151 lehet\u0151s\u00e9geket.<\/p>\n<p>[\/vc_column_text][\/vc_column][vc_column width=&#8221;1\/4&#8243;][\/vc_column][\/vc_row][vc_row][vc_column][vc_single_image image=&#8221;127&#8243; img_size=&#8221;full&#8221; css=&#8221;.vc_custom_1612270617417{margin-bottom: 0px !important;}&#8221;][\/vc_column][\/vc_row][vc_row][vc_column width=&#8221;1\/4&#8243;][\/vc_column][vc_column width=&#8221;1\/2&#8243;][vc_column_text]<\/p>\n<p style=\"text-align: center;\">Megalakul\u00e1sunk \u00f3ta f\u0151 tev\u00e9kenys\u00e9gi k\u00f6r\u00fcnk a csiperketermeszt\u00e9s Szil\u00e1gy megy\u00e9ben, Szil\u00e1gynagyfalu k\u00f6zs\u00e9gben. Az eur\u00f3pai \u00e9s glob\u00e1lis agr\u00e1r-\u00e9lelmez\u00e9si \u00e1gazat egyik legnagyobb, vegyszermentes csiperke- \u00e9s laskagomba-el\u0151\u00e1ll\u00edt\u00e1sra szakosodott termel\u0151ik\u00e9nt tartanak sz\u00e1mon.<span class=\"Apple-converted-space\">\u00a0<\/span><\/p>\n<p style=\"text-align: center;\">Havi t\u00f6bb mint 1200 tonn\u00e1s termel\u00e9si kapacit\u00e1sunkkal a legnagyobb rom\u00e1niai \u00fczletl\u00e1ncok f\u0151 besz\u00e1ll\u00edt\u00f3i vagyunk, term\u00e9keink megtal\u00e1lhat\u00f3k az orsz\u00e1g minden szeglet\u00e9ben, \u00e9s exportra is sz\u00e1ll\u00edtunk. Misszi\u00f3nk az \u00e1ltalunk termelt szuper\u00e9lelmiszer n\u00e9pszer\u0171s\u00edt\u00e9se, \u00fcgyf\u00e9lk\u00f6r\u00fcnk min\u0151s\u00e9gi kiszolg\u00e1l\u00e1sa. F\u0151 c\u00e9lunk a termel\u00e9kenys\u00e9g folyamatos n\u00f6vel\u00e9se, innovat\u00edv technol\u00f3gi\u00e1k bevezet\u00e9se, valamint tov\u00e1bbi stabil \u00e9s megb\u00edzhat\u00f3 partners\u00e9gek megalapoz\u00e1sa.<\/p>\n<p>[\/vc_column_text][\/vc_column][vc_column width=&#8221;1\/4&#8243;][\/vc_column][\/vc_row][vc_row][vc_column][vc_single_image image=&#8221;128&#8243; img_size=&#8221;full&#8221; css=&#8221;.vc_custom_1612270611033{margin-bottom: 0px !important;}&#8221;][\/vc_column][\/vc_row][vc_row][vc_column width=&#8221;1\/4&#8243;][\/vc_column][vc_column width=&#8221;1\/2&#8243;][vc_column_text]<\/p>\n<p style=\"text-align: center;\">A termeszt\u00e9sre sz\u00e1nt ter\u00fcleteinket n\u00f6velj\u00fck, technol\u00f3giai elj\u00e1r\u00e1sainkat folyamatosan t\u00f6k\u00e9letes\u00edtj\u00fck. M\u00e1r a kezdetekt\u0151l a vegyszermentes gomba el\u0151\u00e1ll\u00edt\u00e1s\u00e1ra f\u00f3kusz\u00e1ltunk, \u00e9s ezen a ter\u00fcleten sok\u00e1ig az egyetlenek voltunk a hazai piacon. G\u0151zzel fert\u0151tlen\u00edtj\u00fck a termeszt\u0151 helyis\u00e9geket, hiszen ez a technol\u00f3gia t\u00f6k\u00e9letesen alkalmas arra, hogy vegyszerek n\u00e9lk\u00fcl is megg\u00e1tolja a bakt\u00e9riumok szaporod\u00e1s\u00e1t \u00e9s a k\u00fcl\u00f6nb\u00f6z\u0151 betegs\u00e9gek elterjed\u00e9s\u00e9t. F\u0151 c\u00e9lunk az, hogy a fogyaszt\u00f3k sz\u00e1m\u00e1ra eg\u00e9szs\u00e9ges term\u00e9ket \u00e1ll\u00edtsunk el\u0151.<\/p>\n<p style=\"text-align: center;\">Folyamatosan korszer\u0171s\u00edt\u00fcnk, cs\u00facstechnol\u00f3gi\u00e1kat alkalmazunk a gy\u00e1rt\u00e1si folyamatban. P\u00e9ld\u00e1ul egyed\u00fcl\u00e1ll\u00f3 m\u00f3don a gomba betakar\u00edt\u00e1s\u00e1t k\u00f6vet\u0151 legt\u00f6bb egy \u00f3r\u00e1n bel\u00fcl a term\u00e9k h\u0171t\u00e9sre ker\u00fcl, ez\u00e1ltal magas szint\u0171 \u00e9s stabil min\u0151s\u00e9get tudunk garant\u00e1lni. A term\u00e9keink frisses\u00e9g\u00e9t \u00e9s min\u0151s\u00e9g\u00e9t garant\u00e1l\u00f3 tov\u00e1bbi t\u00e9nyez\u0151, hogy oszt\u00e1lyoz\u00e1st \u00e9s csomagol\u00e1st k\u00f6vet\u0151en saj\u00e1t j\u00e1rm\u0171parkunkkal sz\u00e1ll\u00edtjuk ki a term\u00e9keket.<span class=\"Apple-converted-space\">\u00a0<\/span><\/p>\n<p>[\/vc_column_text][\/vc_column][vc_column width=&#8221;1\/4&#8243;][\/vc_column][\/vc_row][vc_row][vc_column][vc_single_image image=&#8221;1917&#8243; img_size=&#8221;full&#8221; css=&#8221;.vc_custom_1667289232247{margin-bottom: 0px !important;}&#8221;][\/vc_column][\/vc_row][vc_row][vc_column width=&#8221;1\/4&#8243;][\/vc_column][vc_column width=&#8221;1\/2&#8243;][vc_column_text]<\/p>\n<p style=\"text-align: center;\">2022-ben tov\u00e1bb n\u00f6velt\u00fck a termel\u00e9si fel\u00fclet\u00fcnket, \u00edgy a megrendel\u00e9sekt\u0151l f\u00fcgg\u0151en tudjuk n\u00f6velni a termel\u00e9st. Felv\u00e1s\u00e1roltunk egy komposztgy\u00e1rt\u00f3 c\u00e9get Magyarorsz\u00e1gon, ahonnan a termel\u00e9shez sz\u00fcks\u00e9ges alapanyagot tudjuk biztos\u00edtani. Jelenleg mintegy 400 munkat\u00e1rssal dolgozunk, \u00e9s ez a sz\u00e1m terveink szerint n\u0151ni fog, ak\u00e1r meg is dupl\u00e1z\u00f3dik.<\/p>\n<p>[\/vc_column_text][\/vc_column][vc_column width=&#8221;1\/4&#8243;][\/vc_column][\/vc_row][vc_row][vc_column][vc_single_image image=&#8221;1921&#8243; img_size=&#8221;full&#8221; css=&#8221;.vc_custom_1667290877438{margin-bottom: 0px !important;}&#8221;][\/vc_column][\/vc_row][vc_row][vc_column width=&#8221;1\/4&#8243;][\/vc_column][vc_column width=&#8221;1\/2&#8243;][vc_column_text]<\/p>\n<p style=\"text-align: center;\">H\u00fasz\u00e9ves sz\u00fclet\u00e9snapunkat 2022 szeptember\u00e9ben \u00fcnnepelt\u00fck otthonunkban \u00e9s sz\u00e9khely\u00fcnk\u00f6n, Szil\u00e1gynagyfaluban. Az est egyik f\u00e9nypontja volt, hogy felavattuk c\u00e9g\u00fcnk \u00faj r\u00e9szleg\u00e9t.<\/p>\n<p style=\"text-align: center;\">Fontosnak tartottuk mindig a helyi k\u00f6z\u00f6ss\u00e9g t\u00e1mogat\u00e1s\u00e1t, \u00e9s tov\u00e1bbra is kiemelten figyel\u00fcnk a helyi, Szil\u00e1gy megyei \u00e9s erd\u00e9lyi k\u00f6z\u00f6ss\u00e9g sz\u00e1m\u00e1ra fontos kezdem\u00e9nyez\u00e9sekre, projektekre, programokra a szoci\u00e1lis szf\u00e9r\u00e1t\u00f3l a sport\u00e9letig. Az adom\u00e1nyoz\u00e1s, t\u00e1mogat\u00e1s folytat\u00e1sa sz\u00e1munkra term\u00e9szetes, hiszen ebb\u0151l a k\u00f6z\u00f6ss\u00e9gb\u0151l n\u0151tt\u00fcnk ki, ebbe a k\u00f6z\u00f6ss\u00e9gbe forgatjuk vissza nyeres\u00e9g\u00fcnk egy r\u00e9sz\u00e9t. Mindez nem lenne lehets\u00e9ges er\u0151s, \u00f6sszetart\u00f3, kollegi\u00e1lis munkak\u00f6z\u00f6ss\u00e9g, hossz\u00fa t\u00e1v\u00fa \u00e9s j\u00f3l megalapozott partners\u00e9gek, k\u00f6z\u00f6s c\u00e9lok \u00e9s \u00e9rt\u00e9kek n\u00e9lk\u00fcl. K\u00f6sz\u00f6nj\u00fck a bizalmat \u2013 egy\u00fctt dolgozunk a folytat\u00e1son!<\/p>\n<p>[\/vc_column_text][\/vc_column][vc_column width=&#8221;1\/4&#8243;][\/vc_column][\/vc_row][vc_row][vc_column][vc_video link=&#8221;https:\/\/www.youtube.com\/watch?v=Zo_OHMT8rLE&#8221; align=&#8221;center&#8221;][\/vc_column][\/vc_row][vc_row el_class=&#8221;separator&#8221;][vc_column][vc_single_image image=&#8221;55&#8243; img_size=&#8221;full&#8221;][\/vc_column][\/vc_row]<\/p>\n<\/div>","protected":false},"excerpt":{"rendered":"<p>[vc_row][vc_column width=&#8221;1\/4&#8243;][\/vc_column][vc_column width=&#8221;1\/2&#8243;][vc_column_text] A BOGLAR CHAMP KFT. 2002-ben alakult, teljes eg\u00e9sz\u00e9ben mag\u00e1nt\u0151k\u00e9b\u0151l, ma m\u00e1r Rom\u00e1nia legnagyobb gombatermeszt\u0151 v\u00e1llalkoz\u00e1sa. Alap\u00edt\u00f3i, a N\u00e9meti h\u00e1zasp\u00e1r nemcsak rengeteg munk\u00e1t, tapasztalatot \u00e9s p\u00e9nzt fektetett be a c\u00e9g fejleszt\u00e9s\u00e9be, hanem meghonos\u00edtotta Rom\u00e1ni\u00e1ban is az akkoriban legfejlettebbnek sz\u00e1m\u00edt\u00f3 technol\u00f3gi\u00e1kat ebben az \u00e1gazatban, m\u00e1r a 2000-es \u00e9vek elej\u00e9n felismerve a gombatermeszt\u00e9sben rejl\u0151 lehet\u0151s\u00e9geket.&hellip;<\/p>\n","protected":false},"author":1,"featured_media":0,"parent":0,"menu_order":0,"comment_status":"closed","ping_status":"closed","template":"","meta":{"footnotes":""},"class_list":["post-97","page","type-page","status-publish","hentry","description-off"],"yoast_head":"<!-- This site is optimized with the Yoast SEO plugin v24.5 - https:\/\/yoast.com\/wordpress\/plugins\/seo\/ -->\n<title>R\u00f3lunk - Boglar Champ<\/title>\n<meta name=\"robots\" content=\"index, follow, max-snippet:-1, max-image-preview:large, max-video-preview:-1\" \/>\n<link rel=\"canonical\" href=\"https:\/\/www.boglarchamp.ro\/hu\/rolunk\/\" \/>\n<meta property=\"og:locale\" content=\"hu_HU\" \/>\n<meta property=\"og:type\" content=\"article\" \/>\n<meta property=\"og:title\" content=\"R\u00f3lunk - Boglar Champ\" \/>\n<meta property=\"og:description\" content=\"[vc_row][vc_column width=&#8221;1\/4&#8243;][\/vc_column][vc_column width=&#8221;1\/2&#8243;][vc_column_text] A BOGLAR CHAMP KFT. 2002-ben alakult, teljes eg\u00e9sz\u00e9ben mag\u00e1nt\u0151k\u00e9b\u0151l, ma m\u00e1r Rom\u00e1nia legnagyobb gombatermeszt\u0151 v\u00e1llalkoz\u00e1sa. Alap\u00edt\u00f3i, a N\u00e9meti h\u00e1zasp\u00e1r nemcsak rengeteg munk\u00e1t, tapasztalatot \u00e9s p\u00e9nzt fektetett be a c\u00e9g fejleszt\u00e9s\u00e9be, hanem meghonos\u00edtotta Rom\u00e1ni\u00e1ban is az akkoriban legfejlettebbnek sz\u00e1m\u00edt\u00f3 technol\u00f3gi\u00e1kat ebben az \u00e1gazatban, m\u00e1r a 2000-es \u00e9vek elej\u00e9n felismerve a gombatermeszt\u00e9sben rejl\u0151 lehet\u0151s\u00e9geket.&hellip;\" \/>\n<meta property=\"og:url\" content=\"https:\/\/www.boglarchamp.ro\/hu\/rolunk\/\" \/>\n<meta property=\"og:site_name\" content=\"Boglar Champ\" \/>\n<meta property=\"article:publisher\" content=\"https:\/\/www.facebook.com\/boglarchamp\" \/>\n<meta property=\"article:modified_time\" content=\"2022-11-01T08:21:20+00:00\" \/>\n<meta name=\"twitter:card\" content=\"summary_large_image\" \/>\n<meta name=\"twitter:label1\" content=\"Becs\u00fclt olvas\u00e1si id\u0151\" \/>\n\t<meta name=\"twitter:data1\" content=\"5 perc\" \/>\n<script type=\"application\/ld+json\" class=\"yoast-schema-graph\">{\"@context\":\"https:\/\/schema.org\",\"@graph\":[{\"@type\":\"WebPage\",\"@id\":\"https:\/\/www.boglarchamp.ro\/hu\/rolunk\/\",\"url\":\"https:\/\/www.boglarchamp.ro\/hu\/rolunk\/\",\"name\":\"R\u00f3lunk - Boglar Champ\",\"isPartOf\":{\"@id\":\"https:\/\/www.boglarchamp.ro\/#website\"},\"datePublished\":\"2021-01-29T10:57:28+00:00\",\"dateModified\":\"2022-11-01T08:21:20+00:00\",\"breadcrumb\":{\"@id\":\"https:\/\/www.boglarchamp.ro\/hu\/rolunk\/#breadcrumb\"},\"inLanguage\":\"hu\",\"potentialAction\":[{\"@type\":\"ReadAction\",\"target\":[\"https:\/\/www.boglarchamp.ro\/hu\/rolunk\/\"]}]},{\"@type\":\"BreadcrumbList\",\"@id\":\"https:\/\/www.boglarchamp.ro\/hu\/rolunk\/#breadcrumb\",\"itemListElement\":[{\"@type\":\"ListItem\",\"position\":1,\"name\":\"Prima pagin\u0103\",\"item\":\"https:\/\/www.boglarchamp.ro\/hu\/\"},{\"@type\":\"ListItem\",\"position\":2,\"name\":\"R\u00f3lunk\"}]},{\"@type\":\"WebSite\",\"@id\":\"https:\/\/www.boglarchamp.ro\/#website\",\"url\":\"https:\/\/www.boglarchamp.ro\/\",\"name\":\"Boglar Champ\",\"description\":\"Champignon\",\"publisher\":{\"@id\":\"https:\/\/www.boglarchamp.ro\/#organization\"},\"potentialAction\":[{\"@type\":\"SearchAction\",\"target\":{\"@type\":\"EntryPoint\",\"urlTemplate\":\"https:\/\/www.boglarchamp.ro\/?s={search_term_string}\"},\"query-input\":{\"@type\":\"PropertyValueSpecification\",\"valueRequired\":true,\"valueName\":\"search_term_string\"}}],\"inLanguage\":\"hu\"},{\"@type\":\"Organization\",\"@id\":\"https:\/\/www.boglarchamp.ro\/#organization\",\"name\":\"Boglar Champ\",\"url\":\"https:\/\/www.boglarchamp.ro\/\",\"logo\":{\"@type\":\"ImageObject\",\"inLanguage\":\"hu\",\"@id\":\"https:\/\/www.boglarchamp.ro\/#\/schema\/logo\/image\/\",\"url\":\"https:\/\/www.boglarchamp.ro\/wp-content\/uploads\/2021\/01\/cropped-logo-boglar-100.png\",\"contentUrl\":\"https:\/\/www.boglarchamp.ro\/wp-content\/uploads\/2021\/01\/cropped-logo-boglar-100.png\",\"width\":512,\"height\":512,\"caption\":\"Boglar Champ\"},\"image\":{\"@id\":\"https:\/\/www.boglarchamp.ro\/#\/schema\/logo\/image\/\"},\"sameAs\":[\"https:\/\/www.facebook.com\/boglarchamp\",\"https:\/\/www.instagram.com\/boglarchamp\/\",\"https:\/\/www.youtube.com\/@boglarchamp7553\/videos\"]}]}<\/script>\n<!-- \/ Yoast SEO plugin. -->","yoast_head_json":{"title":"R\u00f3lunk - Boglar Champ","robots":{"index":"index","follow":"follow","max-snippet":"max-snippet:-1","max-image-preview":"max-image-preview:large","max-video-preview":"max-video-preview:-1"},"canonical":"https:\/\/www.boglarchamp.ro\/hu\/rolunk\/","og_locale":"hu_HU","og_type":"article","og_title":"R\u00f3lunk - Boglar Champ","og_description":"[vc_row][vc_column width=&#8221;1\/4&#8243;][\/vc_column][vc_column width=&#8221;1\/2&#8243;][vc_column_text] A BOGLAR CHAMP KFT. 2002-ben alakult, teljes eg\u00e9sz\u00e9ben mag\u00e1nt\u0151k\u00e9b\u0151l, ma m\u00e1r Rom\u00e1nia legnagyobb gombatermeszt\u0151 v\u00e1llalkoz\u00e1sa. Alap\u00edt\u00f3i, a N\u00e9meti h\u00e1zasp\u00e1r nemcsak rengeteg munk\u00e1t, tapasztalatot \u00e9s p\u00e9nzt fektetett be a c\u00e9g fejleszt\u00e9s\u00e9be, hanem meghonos\u00edtotta Rom\u00e1ni\u00e1ban is az akkoriban legfejlettebbnek sz\u00e1m\u00edt\u00f3 technol\u00f3gi\u00e1kat ebben az \u00e1gazatban, m\u00e1r a 2000-es \u00e9vek elej\u00e9n felismerve a gombatermeszt\u00e9sben rejl\u0151 lehet\u0151s\u00e9geket.&hellip;","og_url":"https:\/\/www.boglarchamp.ro\/hu\/rolunk\/","og_site_name":"Boglar Champ","article_publisher":"https:\/\/www.facebook.com\/boglarchamp","article_modified_time":"2022-11-01T08:21:20+00:00","twitter_card":"summary_large_image","twitter_misc":{"Becs\u00fclt olvas\u00e1si id\u0151":"5 perc"},"schema":{"@context":"https:\/\/schema.org","@graph":[{"@type":"WebPage","@id":"https:\/\/www.boglarchamp.ro\/hu\/rolunk\/","url":"https:\/\/www.boglarchamp.ro\/hu\/rolunk\/","name":"R\u00f3lunk - Boglar Champ","isPartOf":{"@id":"https:\/\/www.boglarchamp.ro\/#website"},"datePublished":"2021-01-29T10:57:28+00:00","dateModified":"2022-11-01T08:21:20+00:00","breadcrumb":{"@id":"https:\/\/www.boglarchamp.ro\/hu\/rolunk\/#breadcrumb"},"inLanguage":"hu","potentialAction":[{"@type":"ReadAction","target":["https:\/\/www.boglarchamp.ro\/hu\/rolunk\/"]}]},{"@type":"BreadcrumbList","@id":"https:\/\/www.boglarchamp.ro\/hu\/rolunk\/#breadcrumb","itemListElement":[{"@type":"ListItem","position":1,"name":"Prima pagin\u0103","item":"https:\/\/www.boglarchamp.ro\/hu\/"},{"@type":"ListItem","position":2,"name":"R\u00f3lunk"}]},{"@type":"WebSite","@id":"https:\/\/www.boglarchamp.ro\/#website","url":"https:\/\/www.boglarchamp.ro\/","name":"Boglar Champ","description":"Champignon","publisher":{"@id":"https:\/\/www.boglarchamp.ro\/#organization"},"potentialAction":[{"@type":"SearchAction","target":{"@type":"EntryPoint","urlTemplate":"https:\/\/www.boglarchamp.ro\/?s={search_term_string}"},"query-input":{"@type":"PropertyValueSpecification","valueRequired":true,"valueName":"search_term_string"}}],"inLanguage":"hu"},{"@type":"Organization","@id":"https:\/\/www.boglarchamp.ro\/#organization","name":"Boglar Champ","url":"https:\/\/www.boglarchamp.ro\/","logo":{"@type":"ImageObject","inLanguage":"hu","@id":"https:\/\/www.boglarchamp.ro\/#\/schema\/logo\/image\/","url":"https:\/\/www.boglarchamp.ro\/wp-content\/uploads\/2021\/01\/cropped-logo-boglar-100.png","contentUrl":"https:\/\/www.boglarchamp.ro\/wp-content\/uploads\/2021\/01\/cropped-logo-boglar-100.png","width":512,"height":512,"caption":"Boglar Champ"},"image":{"@id":"https:\/\/www.boglarchamp.ro\/#\/schema\/logo\/image\/"},"sameAs":["https:\/\/www.facebook.com\/boglarchamp","https:\/\/www.instagram.com\/boglarchamp\/","https:\/\/www.youtube.com\/@boglarchamp7553\/videos"]}]}},"_links":{"self":[{"href":"https:\/\/www.boglarchamp.ro\/hu\/wp-json\/wp\/v2\/pages\/97","targetHints":{"allow":["GET"]}}],"collection":[{"href":"https:\/\/www.boglarchamp.ro\/hu\/wp-json\/wp\/v2\/pages"}],"about":[{"href":"https:\/\/www.boglarchamp.ro\/hu\/wp-json\/wp\/v2\/types\/page"}],"author":[{"embeddable":true,"href":"https:\/\/www.boglarchamp.ro\/hu\/wp-json\/wp\/v2\/users\/1"}],"replies":[{"embeddable":true,"href":"https:\/\/www.boglarchamp.ro\/hu\/wp-json\/wp\/v2\/comments?post=97"}],"version-history":[{"count":36,"href":"https:\/\/www.boglarchamp.ro\/hu\/wp-json\/wp\/v2\/pages\/97\/revisions"}],"predecessor-version":[{"id":1924,"href":"https:\/\/www.boglarchamp.ro\/hu\/wp-json\/wp\/v2\/pages\/97\/revisions\/1924"}],"wp:attachment":[{"href":"https:\/\/www.boglarchamp.ro\/hu\/wp-json\/wp\/v2\/media?parent=97"}],"curies":[{"name":"wp","href":"https:\/\/api.w.org\/{rel}","templated":true}]}}