{"id":115,"date":"2021-02-01T14:58:46","date_gmt":"2021-02-01T14:58:46","guid":{"rendered":"http:\/\/boglar.creative-solutions.ro\/?page_id=115"},"modified":"2021-02-02T16:37:37","modified_gmt":"2021-02-02T16:37:37","slug":"termekeink","status":"publish","type":"page","link":"https:\/\/www.boglarchamp.ro\/hu\/termekeink\/","title":{"rendered":"Term\u00e9keink"},"content":{"rendered":"<div class=\"wpb-content-wrapper\"><p>[vc_row][vc_column width=&#8221;1\/4&#8243;][\/vc_column][vc_column width=&#8221;1\/2&#8243;][vc_column_text]<\/p>\n<p style=\"text-align: center;\">A feh\u00e9r \u00e9s barna csiperke mellett,laskagomba szortimenttel rendelkez\u00fcnk, valamint kiv\u00e1l\u00f3 min\u0151s\u00e9gben \u00e9s k\u00fcl\u00f6nb\u00f6z\u0151 kiszerel\u00e9sekben k\u00edn\u00e1ljuk term\u00e9keinket.<\/p>\n<p style=\"text-align: center;\">A min\u0151s\u00e9get garant\u00e1lja, hogy szed\u00e9s ut\u00e1n legfeljebb egy \u00f3r\u00e1n bel\u00fcl befejezz\u00fck a term\u00e9kek h\u0171t\u00e9s\u00e9t. Az oszt\u00e1lyoz\u00e1st, majd a csomagol\u00e1st k\u00f6vet\u0151en a kisz\u00e1ll\u00edt\u00e1sokat saj\u00e1t g\u00e9pj\u00e1rm\u0171 flott\u00e1nkkal v\u00e9gezz\u00fck.<\/p>\n<p>[\/vc_column_text][\/vc_column][vc_column width=&#8221;1\/4&#8243;][\/vc_column][\/vc_row][vc_row el_class=&#8221;separator&#8221;][vc_column][vc_single_image image=&#8221;55&#8243; img_size=&#8221;full&#8221;][\/vc_column][\/vc_row][vc_section][vc_row css=&#8221;.vc_custom_1612272086665{margin-bottom: 35px !important;}&#8221;][vc_column][vc_custom_heading text=&#8221;Gombak\u00edn\u00e1latunk&#8221; font_container=&#8221;tag:h2|text_align:center&#8221; use_theme_fonts=&#8221;yes&#8221;][\/vc_column][\/vc_row][vc_row el_class=&#8221;products-row&#8221;][vc_column width=&#8221;1\/2&#8243; offset=&#8221;vc_col-md-3&#8243;][vc_single_image image=&#8221;61&#8243; img_size=&#8221;full&#8221; alignment=&#8221;center&#8221; el_class=&#8221;round-img&#8221;][vc_custom_heading text=&#8221;Feh\u00e9r csiperke&#8221; font_container=&#8221;tag:h3|text_align:center&#8221; use_theme_fonts=&#8221;yes&#8221;][vc_column_text]<\/p>\n<p style=\"text-align: center;\">Els\u0151 oszt\u00e1ly\u00fa, \u00edzletes, magas beltartalmi \u00e9rt\u00e9kkel b\u00edr\u00f3 feh\u00e9r csiperkegomba k\u00fcl\u00f6nb\u00f6z\u0151 kiszerel\u00e9sekben. Ezt a kiv\u00e1l\u00f3 min\u0151s\u00e9g\u0171 csiperkegomb\u00e1t k\u00fcl\u00f6nlegesen magas higi\u00e9niai el\u0151\u00edr\u00e1sok szerint termesztj\u00fck, vegyszermentes term\u00e9k.<\/p>\n<p>[\/vc_column_text][vc_single_image image=&#8221;143&#8243; img_size=&#8221;full&#8221; alignment=&#8221;center&#8221;][\/vc_column][vc_column width=&#8221;1\/2&#8243; offset=&#8221;vc_col-md-3&#8243;][vc_single_image image=&#8221;60&#8243; img_size=&#8221;full&#8221; alignment=&#8221;center&#8221; el_class=&#8221;round-img&#8221;][vc_custom_heading text=&#8221;Barna csiperke&#8221; font_container=&#8221;tag:h3|text_align:center&#8221; use_theme_fonts=&#8221;yes&#8221;][vc_column_text]<\/p>\n<p style=\"text-align: center;\">Az erdei gomb\u00e1k \u00edzvil\u00e1g\u00e1t meg\u0151rz\u0151, de kellemes roppan\u00f3s csiperkegomba, amit k\u00fcl\u00f6n\u00f6s gondoss\u00e1ggal vegyszermentes k\u00f6rnyezeteben termeszt\u00fcnk. Kis m\u00e9retben sal\u00e1t\u00e1khoz, a nagy m\u00e9ret\u0171 ny\u00edlott barna fejeket pedig grillez\u00e9shez aj\u00e1nljuk.<\/p>\n<p>[\/vc_column_text][vc_single_image image=&#8221;140&#8243; img_size=&#8221;full&#8221; alignment=&#8221;center&#8221;][\/vc_column][vc_column width=&#8221;1\/2&#8243; offset=&#8221;vc_col-md-3&#8243;][vc_single_image image=&#8221;70&#8243; img_size=&#8221;full&#8221; alignment=&#8221;center&#8221; el_class=&#8221;round-img&#8221;][vc_custom_heading text=&#8221;Laskagomba&#8221; font_container=&#8221;tag:h3|text_align:center&#8221; use_theme_fonts=&#8221;yes&#8221;][vc_column_text]<\/p>\n<p style=\"text-align: center;\">\u00c9desk\u00e9s \u00edz\u0171 gomba. Vannak, akik szerint \u00edze kicsi hasonl\u00edt az osztrig\u00e1\u00e9hoz, m\u00e1sok ink\u00e1bb \u00e1nizsosnak tal\u00e1lj\u00e1k. V\u00e1ltozatos fog\u00e1sokat k\u00e9sz\u00edthet\u00fcnk bel\u0151le, hiszen \u00edze intenz\u00edv \u00e9s nagyon finom.<\/p>\n<p>[\/vc_column_text][vc_single_image image=&#8221;142&#8243; img_size=&#8221;full&#8221; alignment=&#8221;center&#8221;][\/vc_column][vc_column width=&#8221;1\/2&#8243; offset=&#8221;vc_col-md-3&#8243;][vc_single_image image=&#8221;69&#8243; img_size=&#8221;full&#8221; alignment=&#8221;center&#8221; el_class=&#8221;round-img&#8221;][vc_custom_heading text=&#8221;Gombamix&#8221; font_container=&#8221;tag:h3|text_align:center&#8221; use_theme_fonts=&#8221;yes&#8221;][vc_column_text]<\/p>\n<p style=\"text-align: center;\">Rendk\u00edv\u00fcl \u00edzletes gombamixek, ami a konyh\u00e1ban a legjobb alapanyagot biztos\u00edtja b\u00e1rmilyen gomb\u00e1s \u00e9tel elk\u00e9sz\u00edt\u00e9s\u00e9hez. Feh\u00e9r \u00e9s barna csiperkegomba \u00e9s laskagomba biztos\u00edtja a mix v\u00e1ltozatos \u00edzvil\u00e1g\u00e1t.<\/p>\n<p>[\/vc_column_text][vc_single_image image=&#8221;141&#8243; img_size=&#8221;full&#8221; alignment=&#8221;center&#8221;][\/vc_column][\/vc_row][\/vc_section][vc_section full_width=&#8221;stretch_row&#8221; css=&#8221;.vc_custom_1612273965067{background-image: url(http:\/\/boglarchamp.ro\/wp-content\/uploads\/2021\/02\/bg-prods-down.jpg?id=152) !important;background-position: center !important;background-repeat: no-repeat !important;background-size: contain !important;}&#8221;][vc_row css=&#8221;.vc_custom_1612275061605{margin-bottom: 85px !important;}&#8221; el_class=&#8221;separator&#8221;][vc_column][vc_single_image image=&#8221;55&#8243; img_size=&#8221;full&#8221;][\/vc_column][\/vc_row][vc_row equal_height=&#8221;yes&#8221; content_placement=&#8221;middle&#8221;][vc_column width=&#8221;1\/3&#8243;][vc_custom_heading text=&#8221;Modern termeszt\u00e9stechnol\u00f3gia, kiv\u00e1l\u00f3 min\u0151s\u00e9g&#8221; font_container=&#8221;tag:h4|text_align:left&#8221; use_theme_fonts=&#8221;yes&#8221;][vc_column_text]Rom\u00e1nia egyik legnagyobb gombatermeszt\u0151 fel\u00fclet\u00e9n, x m2-en, k\u00f6zel x holland-t\u00edpus\u00fa automatiz\u00e1lt gombah\u00e1zban k\u00e9pzett szakemberekkel termesztj\u00fck a friss gomb\u00e1t. A tart\u00f3s frissess\u00e9get v\u00e1kuumh\u0171t\u0151k, nagyteljes\u00edtm\u00e9ny\u0171 oszt\u00e1lyoz\u00f3 \u00e9s csomagol\u00f3 sorok, illetve saj\u00e1t sz\u00e1ll\u00edt\u00f3flotta garant\u00e1lja.[\/vc_column_text][\/vc_column][vc_column width=&#8221;1\/3&#8243; el_class=&#8221;pod-spacer-mid-col&#8221;][\/vc_column][vc_column width=&#8221;1\/3&#8243;][vc_custom_heading text=&#8221;\u00c9vtizedek tapasztalata&#8221; font_container=&#8221;tag:h4|text_align:left&#8221; use_theme_fonts=&#8221;yes&#8221;][vc_column_text]A gombatermeszt\u00e9s sok sok odafigyel\u00e9st \u00e9s elhivatotts\u00e1got ig\u00e9nyl\u0151 tev\u00e9kenys\u00e9g, melyet imm\u00e1r h\u00fasz \u00e9v tud\u00e1s\u00e1val \u00e9s tapasztalat\u00e1val a legnagyobb tan\u00fas\u00edt\u00f3 int\u00e9zetek ellen\u0151rz\u00e9se mellett v\u00e9gz\u00fcnk partnereink megel\u00e9gedetts\u00e9g\u00e9re.[\/vc_column_text][\/vc_column][\/vc_row][vc_row css=&#8221;.vc_custom_1612275067288{margin-top: 85px !important;margin-bottom: 0px !important;}&#8221; el_class=&#8221;separator&#8221;][vc_column][vc_single_image image=&#8221;55&#8243; img_size=&#8221;full&#8221;][\/vc_column][\/vc_row][\/vc_section]<\/p>\n<\/div>","protected":false},"excerpt":{"rendered":"<p>[vc_row][vc_column width=&#8221;1\/4&#8243;][\/vc_column][vc_column width=&#8221;1\/2&#8243;][vc_column_text] A feh\u00e9r \u00e9s barna csiperke mellett,laskagomba szortimenttel rendelkez\u00fcnk, valamint kiv\u00e1l\u00f3 min\u0151s\u00e9gben \u00e9s k\u00fcl\u00f6nb\u00f6z\u0151 kiszerel\u00e9sekben k\u00edn\u00e1ljuk term\u00e9keinket. A min\u0151s\u00e9get garant\u00e1lja, hogy szed\u00e9s ut\u00e1n legfeljebb egy \u00f3r\u00e1n bel\u00fcl befejezz\u00fck a term\u00e9kek h\u0171t\u00e9s\u00e9t. Az oszt\u00e1lyoz\u00e1st, majd a csomagol\u00e1st k\u00f6vet\u0151en a kisz\u00e1ll\u00edt\u00e1sokat saj\u00e1t g\u00e9pj\u00e1rm\u0171 flott\u00e1nkkal v\u00e9gezz\u00fck. [\/vc_column_text][\/vc_column][vc_column width=&#8221;1\/4&#8243;][\/vc_column][\/vc_row][vc_row el_class=&#8221;separator&#8221;][vc_column][vc_single_image image=&#8221;55&#8243; img_size=&#8221;full&#8221;][\/vc_column][\/vc_row][vc_section][vc_row css=&#8221;.vc_custom_1612272086665{margin-bottom: 35px !important;}&#8221;][vc_column][vc_custom_heading text=&#8221;Gombak\u00edn\u00e1latunk&#8221; font_container=&#8221;tag:h2|text_align:center&#8221;&hellip;<\/p>\n","protected":false},"author":1,"featured_media":0,"parent":0,"menu_order":0,"comment_status":"closed","ping_status":"closed","template":"","meta":{"footnotes":""},"class_list":["post-115","page","type-page","status-publish","hentry","description-off"],"yoast_head":"<!-- This site is optimized with the Yoast SEO plugin v24.5 - https:\/\/yoast.com\/wordpress\/plugins\/seo\/ -->\n<title>Term\u00e9keink - Boglar Champ<\/title>\n<meta name=\"robots\" content=\"index, follow, max-snippet:-1, max-image-preview:large, max-video-preview:-1\" \/>\n<link rel=\"canonical\" href=\"https:\/\/www.boglarchamp.ro\/hu\/termekeink\/\" \/>\n<meta property=\"og:locale\" content=\"hu_HU\" \/>\n<meta property=\"og:type\" content=\"article\" \/>\n<meta property=\"og:title\" content=\"Term\u00e9keink - Boglar Champ\" \/>\n<meta property=\"og:description\" content=\"[vc_row][vc_column width=&#8221;1\/4&#8243;][\/vc_column][vc_column width=&#8221;1\/2&#8243;][vc_column_text] A feh\u00e9r \u00e9s barna csiperke mellett,laskagomba szortimenttel rendelkez\u00fcnk, valamint kiv\u00e1l\u00f3 min\u0151s\u00e9gben \u00e9s k\u00fcl\u00f6nb\u00f6z\u0151 kiszerel\u00e9sekben k\u00edn\u00e1ljuk term\u00e9keinket. A min\u0151s\u00e9get garant\u00e1lja, hogy szed\u00e9s ut\u00e1n legfeljebb egy \u00f3r\u00e1n bel\u00fcl befejezz\u00fck a term\u00e9kek h\u0171t\u00e9s\u00e9t. Az oszt\u00e1lyoz\u00e1st, majd a csomagol\u00e1st k\u00f6vet\u0151en a kisz\u00e1ll\u00edt\u00e1sokat saj\u00e1t g\u00e9pj\u00e1rm\u0171 flott\u00e1nkkal v\u00e9gezz\u00fck. [\/vc_column_text][\/vc_column][vc_column width=&#8221;1\/4&#8243;][\/vc_column][\/vc_row][vc_row el_class=&#8221;separator&#8221;][vc_column][vc_single_image image=&#8221;55&#8243; img_size=&#8221;full&#8221;][\/vc_column][\/vc_row][vc_section][vc_row css=&#8221;.vc_custom_1612272086665{margin-bottom: 35px !important;}&#8221;][vc_column][vc_custom_heading text=&#8221;Gombak\u00edn\u00e1latunk&#8221; font_container=&#8221;tag:h2|text_align:center&#8221;&hellip;\" \/>\n<meta property=\"og:url\" content=\"https:\/\/www.boglarchamp.ro\/hu\/termekeink\/\" \/>\n<meta property=\"og:site_name\" content=\"Boglar Champ\" \/>\n<meta property=\"article:publisher\" content=\"https:\/\/www.facebook.com\/boglarchamp\" \/>\n<meta property=\"article:modified_time\" content=\"2021-02-02T16:37:37+00:00\" \/>\n<meta name=\"twitter:card\" content=\"summary_large_image\" \/>\n<meta name=\"twitter:label1\" content=\"Becs\u00fclt olvas\u00e1si id\u0151\" \/>\n\t<meta name=\"twitter:data1\" content=\"4 perc\" \/>\n<script type=\"application\/ld+json\" class=\"yoast-schema-graph\">{\"@context\":\"https:\/\/schema.org\",\"@graph\":[{\"@type\":\"WebPage\",\"@id\":\"https:\/\/www.boglarchamp.ro\/hu\/termekeink\/\",\"url\":\"https:\/\/www.boglarchamp.ro\/hu\/termekeink\/\",\"name\":\"Term\u00e9keink - Boglar Champ\",\"isPartOf\":{\"@id\":\"https:\/\/www.boglarchamp.ro\/#website\"},\"datePublished\":\"2021-02-01T14:58:46+00:00\",\"dateModified\":\"2021-02-02T16:37:37+00:00\",\"breadcrumb\":{\"@id\":\"https:\/\/www.boglarchamp.ro\/hu\/termekeink\/#breadcrumb\"},\"inLanguage\":\"hu\",\"potentialAction\":[{\"@type\":\"ReadAction\",\"target\":[\"https:\/\/www.boglarchamp.ro\/hu\/termekeink\/\"]}]},{\"@type\":\"BreadcrumbList\",\"@id\":\"https:\/\/www.boglarchamp.ro\/hu\/termekeink\/#breadcrumb\",\"itemListElement\":[{\"@type\":\"ListItem\",\"position\":1,\"name\":\"Prima pagin\u0103\",\"item\":\"https:\/\/www.boglarchamp.ro\/hu\/\"},{\"@type\":\"ListItem\",\"position\":2,\"name\":\"Term\u00e9keink\"}]},{\"@type\":\"WebSite\",\"@id\":\"https:\/\/www.boglarchamp.ro\/#website\",\"url\":\"https:\/\/www.boglarchamp.ro\/\",\"name\":\"Boglar Champ\",\"description\":\"Champignon\",\"publisher\":{\"@id\":\"https:\/\/www.boglarchamp.ro\/#organization\"},\"potentialAction\":[{\"@type\":\"SearchAction\",\"target\":{\"@type\":\"EntryPoint\",\"urlTemplate\":\"https:\/\/www.boglarchamp.ro\/?s={search_term_string}\"},\"query-input\":{\"@type\":\"PropertyValueSpecification\",\"valueRequired\":true,\"valueName\":\"search_term_string\"}}],\"inLanguage\":\"hu\"},{\"@type\":\"Organization\",\"@id\":\"https:\/\/www.boglarchamp.ro\/#organization\",\"name\":\"Boglar Champ\",\"url\":\"https:\/\/www.boglarchamp.ro\/\",\"logo\":{\"@type\":\"ImageObject\",\"inLanguage\":\"hu\",\"@id\":\"https:\/\/www.boglarchamp.ro\/#\/schema\/logo\/image\/\",\"url\":\"https:\/\/www.boglarchamp.ro\/wp-content\/uploads\/2021\/01\/cropped-logo-boglar-100.png\",\"contentUrl\":\"https:\/\/www.boglarchamp.ro\/wp-content\/uploads\/2021\/01\/cropped-logo-boglar-100.png\",\"width\":512,\"height\":512,\"caption\":\"Boglar Champ\"},\"image\":{\"@id\":\"https:\/\/www.boglarchamp.ro\/#\/schema\/logo\/image\/\"},\"sameAs\":[\"https:\/\/www.facebook.com\/boglarchamp\",\"https:\/\/www.instagram.com\/boglarchamp\/\",\"https:\/\/www.youtube.com\/@boglarchamp7553\/videos\"]}]}<\/script>\n<!-- \/ Yoast SEO plugin. -->","yoast_head_json":{"title":"Term\u00e9keink - Boglar Champ","robots":{"index":"index","follow":"follow","max-snippet":"max-snippet:-1","max-image-preview":"max-image-preview:large","max-video-preview":"max-video-preview:-1"},"canonical":"https:\/\/www.boglarchamp.ro\/hu\/termekeink\/","og_locale":"hu_HU","og_type":"article","og_title":"Term\u00e9keink - Boglar Champ","og_description":"[vc_row][vc_column width=&#8221;1\/4&#8243;][\/vc_column][vc_column width=&#8221;1\/2&#8243;][vc_column_text] A feh\u00e9r \u00e9s barna csiperke mellett,laskagomba szortimenttel rendelkez\u00fcnk, valamint kiv\u00e1l\u00f3 min\u0151s\u00e9gben \u00e9s k\u00fcl\u00f6nb\u00f6z\u0151 kiszerel\u00e9sekben k\u00edn\u00e1ljuk term\u00e9keinket. A min\u0151s\u00e9get garant\u00e1lja, hogy szed\u00e9s ut\u00e1n legfeljebb egy \u00f3r\u00e1n bel\u00fcl befejezz\u00fck a term\u00e9kek h\u0171t\u00e9s\u00e9t. Az oszt\u00e1lyoz\u00e1st, majd a csomagol\u00e1st k\u00f6vet\u0151en a kisz\u00e1ll\u00edt\u00e1sokat saj\u00e1t g\u00e9pj\u00e1rm\u0171 flott\u00e1nkkal v\u00e9gezz\u00fck. [\/vc_column_text][\/vc_column][vc_column width=&#8221;1\/4&#8243;][\/vc_column][\/vc_row][vc_row el_class=&#8221;separator&#8221;][vc_column][vc_single_image image=&#8221;55&#8243; img_size=&#8221;full&#8221;][\/vc_column][\/vc_row][vc_section][vc_row css=&#8221;.vc_custom_1612272086665{margin-bottom: 35px !important;}&#8221;][vc_column][vc_custom_heading text=&#8221;Gombak\u00edn\u00e1latunk&#8221; font_container=&#8221;tag:h2|text_align:center&#8221;&hellip;","og_url":"https:\/\/www.boglarchamp.ro\/hu\/termekeink\/","og_site_name":"Boglar Champ","article_publisher":"https:\/\/www.facebook.com\/boglarchamp","article_modified_time":"2021-02-02T16:37:37+00:00","twitter_card":"summary_large_image","twitter_misc":{"Becs\u00fclt olvas\u00e1si id\u0151":"4 perc"},"schema":{"@context":"https:\/\/schema.org","@graph":[{"@type":"WebPage","@id":"https:\/\/www.boglarchamp.ro\/hu\/termekeink\/","url":"https:\/\/www.boglarchamp.ro\/hu\/termekeink\/","name":"Term\u00e9keink - Boglar Champ","isPartOf":{"@id":"https:\/\/www.boglarchamp.ro\/#website"},"datePublished":"2021-02-01T14:58:46+00:00","dateModified":"2021-02-02T16:37:37+00:00","breadcrumb":{"@id":"https:\/\/www.boglarchamp.ro\/hu\/termekeink\/#breadcrumb"},"inLanguage":"hu","potentialAction":[{"@type":"ReadAction","target":["https:\/\/www.boglarchamp.ro\/hu\/termekeink\/"]}]},{"@type":"BreadcrumbList","@id":"https:\/\/www.boglarchamp.ro\/hu\/termekeink\/#breadcrumb","itemListElement":[{"@type":"ListItem","position":1,"name":"Prima pagin\u0103","item":"https:\/\/www.boglarchamp.ro\/hu\/"},{"@type":"ListItem","position":2,"name":"Term\u00e9keink"}]},{"@type":"WebSite","@id":"https:\/\/www.boglarchamp.ro\/#website","url":"https:\/\/www.boglarchamp.ro\/","name":"Boglar Champ","description":"Champignon","publisher":{"@id":"https:\/\/www.boglarchamp.ro\/#organization"},"potentialAction":[{"@type":"SearchAction","target":{"@type":"EntryPoint","urlTemplate":"https:\/\/www.boglarchamp.ro\/?s={search_term_string}"},"query-input":{"@type":"PropertyValueSpecification","valueRequired":true,"valueName":"search_term_string"}}],"inLanguage":"hu"},{"@type":"Organization","@id":"https:\/\/www.boglarchamp.ro\/#organization","name":"Boglar Champ","url":"https:\/\/www.boglarchamp.ro\/","logo":{"@type":"ImageObject","inLanguage":"hu","@id":"https:\/\/www.boglarchamp.ro\/#\/schema\/logo\/image\/","url":"https:\/\/www.boglarchamp.ro\/wp-content\/uploads\/2021\/01\/cropped-logo-boglar-100.png","contentUrl":"https:\/\/www.boglarchamp.ro\/wp-content\/uploads\/2021\/01\/cropped-logo-boglar-100.png","width":512,"height":512,"caption":"Boglar Champ"},"image":{"@id":"https:\/\/www.boglarchamp.ro\/#\/schema\/logo\/image\/"},"sameAs":["https:\/\/www.facebook.com\/boglarchamp","https:\/\/www.instagram.com\/boglarchamp\/","https:\/\/www.youtube.com\/@boglarchamp7553\/videos"]}]}},"_links":{"self":[{"href":"https:\/\/www.boglarchamp.ro\/hu\/wp-json\/wp\/v2\/pages\/115","targetHints":{"allow":["GET"]}}],"collection":[{"href":"https:\/\/www.boglarchamp.ro\/hu\/wp-json\/wp\/v2\/pages"}],"about":[{"href":"https:\/\/www.boglarchamp.ro\/hu\/wp-json\/wp\/v2\/types\/page"}],"author":[{"embeddable":true,"href":"https:\/\/www.boglarchamp.ro\/hu\/wp-json\/wp\/v2\/users\/1"}],"replies":[{"embeddable":true,"href":"https:\/\/www.boglarchamp.ro\/hu\/wp-json\/wp\/v2\/comments?post=115"}],"version-history":[{"count":24,"href":"https:\/\/www.boglarchamp.ro\/hu\/wp-json\/wp\/v2\/pages\/115\/revisions"}],"predecessor-version":[{"id":160,"href":"https:\/\/www.boglarchamp.ro\/hu\/wp-json\/wp\/v2\/pages\/115\/revisions\/160"}],"wp:attachment":[{"href":"https:\/\/www.boglarchamp.ro\/hu\/wp-json\/wp\/v2\/media?parent=115"}],"curies":[{"name":"wp","href":"https:\/\/api.w.org\/{rel}","templated":true}]}}